{"id":3,"date":"2022-04-05T22:14:31","date_gmt":"2022-04-05T22:14:31","guid":{"rendered":"https:\/\/conserv.org.br\/?page_id=3"},"modified":"2022-04-07T14:47:40","modified_gmt":"2022-04-07T14:47:40","slug":"termos-de-uso","status":"publish","type":"page","link":"https:\/\/conserv.org.br\/en\/termos-de-uso\/","title":{"rendered":"Terms of use"},"content":{"rendered":"<div data-elementor-type=\"wp-page\" data-elementor-id=\"3\" class=\"elementor elementor-3\">\n\t\t\t\t\t\t\t\t\t<section class=\"elementor-section elementor-top-section elementor-element elementor-element-2ec32e19 elementor-section-boxed elementor-section-height-default elementor-section-height-default\" data-id=\"2ec32e19\" data-element_type=\"section\">\n\t\t\t\t\t\t<div class=\"elementor-container elementor-column-gap-default\">\n\t\t\t\t\t<div class=\"elementor-column elementor-col-100 elementor-top-column elementor-element elementor-element-6e6e7164\" data-id=\"6e6e7164\" data-element_type=\"column\">\n\t\t\t<div class=\"elementor-widget-wrap elementor-element-populated\">\n\t\t\t\t\t\t\t\t<div class=\"elementor-element elementor-element-2d513e40 elementor-widget elementor-widget-text-editor\" data-id=\"2d513e40\" data-element_type=\"widget\" data-widget_type=\"text-editor.default\">\n\t\t\t\t<div class=\"elementor-widget-container\">\n\t\t\t<style>\/*! elementor - v3.7.4 - 31-08-2022 *\/\n.elementor-widget-text-editor.elementor-drop-cap-view-stacked .elementor-drop-cap{background-color:#818a91;color:#fff}.elementor-widget-text-editor.elementor-drop-cap-view-framed .elementor-drop-cap{color:#818a91;border:3px solid;background-color:transparent}.elementor-widget-text-editor:not(.elementor-drop-cap-view-default) .elementor-drop-cap{margin-top:8px}.elementor-widget-text-editor:not(.elementor-drop-cap-view-default) .elementor-drop-cap-letter{width:1em;height:1em}.elementor-widget-text-editor .elementor-drop-cap{float:left;text-align:center;line-height:1;font-size:50px}.elementor-widget-text-editor .elementor-drop-cap-letter{display:inline-block}<\/style>\t\t\t\t<!-- wp:heading -->\n<h6 style=\"text-align: center;\"><span style=\"color: #008000;\">TERMOS DE USO E POL\u00cdTICA DE PRIVACIDADE DO SITE E DAS PLATAFORMAS DO INSTITUTO DE PESQUISA AMBIENTAL DA AMAZ\u00d4NIA (IPAM)<\/span><\/h6>\n<!-- \/wp:heading -->\t\t\t\t\t\t<\/div>\n\t\t\t\t<\/div>\n\t\t\t\t\t<\/div>\n\t\t<\/div>\n\t\t\t\t\t\t\t<\/div>\n\t\t<\/section>\n\t\t\t\t<section class=\"elementor-section elementor-top-section elementor-element elementor-element-ab691a5 elementor-section-boxed elementor-section-height-default elementor-section-height-default\" data-id=\"ab691a5\" data-element_type=\"section\">\n\t\t\t\t\t\t<div class=\"elementor-container elementor-column-gap-default\">\n\t\t\t\t\t<div class=\"elementor-column elementor-col-100 elementor-top-column elementor-element elementor-element-fa14b4d\" data-id=\"fa14b4d\" data-element_type=\"column\">\n\t\t\t<div class=\"elementor-widget-wrap elementor-element-populated\">\n\t\t\t\t\t\t\t\t<div class=\"elementor-element elementor-element-4c1775a elementor-widget elementor-widget-text-editor\" data-id=\"4c1775a\" data-element_type=\"widget\" data-widget_type=\"text-editor.default\">\n\t\t\t\t<div class=\"elementor-widget-container\">\n\t\t\t\t\t\t\t<p>\n Bem-vindo \u00e0 se\u00e7\u00e3o de Termos de Uso e Pol\u00edtica de Privacidade do site e das plataformas administradas pelo <strong>INSTITUTO DE PESQUISA AMBIENTAL DA AMAZONIA (IPAM)<\/strong>, associa\u00e7\u00e3o privada sem fins lucrativos, com sede em Bel\u00e9m, Par\u00e1, Av. R\u00f4mulo Maiorana, 700, Torre Vitta Office, sala 1011, Bairro Marco, CEP 66093-67 e inscrito no CNPJ\/MF sob o n\u00ba 00.627.727\/0001-01.  \n    <\/p>\n    <p>\n        Nesse espa\u00e7o, trazemos informa\u00e7\u00f5es sobre como ser\u00e1 feito o tratamento e coleta de dados pessoais que poder\u00e3o ser fornecidos pelos usu\u00e1rios ao navegar, acessar e\/ou utilizar os ambientes virtuais do <strong>IPAM<\/strong>, bem como indicamos quais s\u00e3o as condi\u00e7\u00f5es aplic\u00e1veis durante o acesso a estes ambientes e de que forma deve ocorrer o uso das informa\u00e7\u00f5es neles constantes.  \n    <\/p>\n    <p>\n        <strong>Destacamos que qualquer pessoa, f\u00edsica ou jur\u00eddica que acesse, utilize e forne\u00e7a informa\u00e7\u00f5es pessoas nos ambientes virtuais do IPAM declara tacitamente que aceita todas as condi\u00e7\u00f5es do presente Termo de Uso e da Pol\u00edtica de Privacidade.<\/strong> Dessa forma, caso o usu\u00e1rio n\u00e3o concorde com alguma condi\u00e7\u00e3o contida nesse documento, o acesso e o uso do site e das plataformas deve ser imediatamente interrompido. \n    <\/p>\n    <p>\n        Se voc\u00ea for menor de 18 anos de idade, pedimos que voc\u00ea fale com seus pais ou respons\u00e1veis legais e consiga a autoriza\u00e7\u00e3o deles para navegar ou enviar qualquer tipo de dados pessoais para nosso site e\/ou plataformas e a envie para o e-mail <a href=\"mailto:ipam@ipam.org.br\">ipam@ipam.org.br<\/a>\n    <\/p>\n    <p>\n        Caso tenha d\u00favidas sobre os procedimentos para uso ou informa\u00e7\u00f5es sobre tratamento de dados pessoais e respeito a sua privacidade, o <strong>IPAM<\/strong> permanece \u00e0 disposi\u00e7\u00e3o no endere\u00e7o de e-mail <a href=\"mailto:ipam@ipam.org.br\">ipam@ipam.org.br<\/a>\n    <\/p>\n    <h6><strong>I \u2013 Defini\u00e7\u00f5es<\/strong><\/h6>\n    <p>\n        <u>IPAM:<\/u> qualquer men\u00e7\u00e3o a \u201cn\u00f3s\u201d e \u201cnossos\u201d \u00e9 uma refer\u00eancia ao pr\u00f3prio <strong>IPAM<\/strong>.<br>\n        <u>Site:<\/u> o site oficial do <strong>IPAM<\/strong>, hospedado no seguinte link: <a href=\"https:\/\/www.ipam.org.br\" target=\"_blank\">https:\/\/www.ipam.org.br<\/a><br> \n        <u>Plataformas:<\/u> todas as plataformas criadas\/administradas pelo <strong>IPAM<\/strong>, quais sejam: \n    <\/p>\n    <ul>\n        <li>(i) Sistema de Observa\u00e7\u00e3o e Monitoramento de Unidades de Conserva\u00e7\u00e3o (SOMUC);<\/li>\n        <li>(ii) Proteja;<\/li>\n        <li>(iii) Sistema de Observa\u00e7\u00e3o e Monitoramento da Amaz\u00f4nia Ind\u00edgena (SOMAI);<\/li>\n        <li>(iv) ACI;<\/li>\n        <li>(v) Indicar;<\/li> \n        <li>(vi) CCAL;<\/li> \n        <li>(vii) Term\u00f4metro do C\u00f3digo Florestal; e<\/li> \n        <li>(viii) CONSERV.<\/li>\n    <\/ul>\n    <p>\n    <u>Usu\u00e1rio:<\/u> qualquer pessoa f\u00edsica ou jur\u00eddica que estabele\u00e7a qualquer tipo de acesso ou envio\/fornecimento de informa\u00e7\u00f5es no Site ou nas Plataformas do <strong>IPAM<\/strong>.  Qualquer men\u00e7\u00e3o a \u201cvoc\u00ea\u201d, \u201cseu\u201d ou \u201csua\u201d diz tamb\u00e9m diz respeito ao Usu\u00e1rio.<br> \n    <u>Dados pessoais:<\/u> conforme defini\u00e7\u00e3o do art. 5\u00ba, inciso I, da Lei n\u00ba 13.709\/2018 (Lei Geral de Prote\u00e7\u00e3o de Dados), \u00e9 qualquer informa\u00e7\u00e3o relacionada a pessoa natural identificada ou identific\u00e1vel.<br> \n    <u>Tratamento:<\/u> toda opera\u00e7\u00e3o realizada com dados pessoais, como as que se referem a coleta, produ\u00e7\u00e3o, recep\u00e7\u00e3o, classifica\u00e7\u00e3o, utiliza\u00e7\u00e3o, acesso, reprodu\u00e7\u00e3o, transmiss\u00e3o, distribui\u00e7\u00e3o, processamento, arquivamento, armazenamento, elimina\u00e7\u00e3o, avalia\u00e7\u00e3o ou controle da informa\u00e7\u00e3o, modifica\u00e7\u00e3o, comunica\u00e7\u00e3o, transfer\u00eancia, difus\u00e3o ou extra\u00e7\u00e3o.\n    <\/p>\n    <p>\n    <\/p><h6><strong>II \u2013 Abrang\u00eancia da aplica\u00e7\u00e3o do Termo de Uso e da Pol\u00edtica de Privacidade<\/strong><\/h6>\n    <p>\n        As disposi\u00e7\u00f5es do presente Termo de Uso e Pol\u00edtica de Privacidade regulamentam o uso dos conte\u00fados hospedados nos seguintes endere\u00e7os eletr\u00f4nicos:\n    <\/p>\n    <ul>\n     <li><a href=\"https:\/\/www.ipam.org.br\" target=\"_blank\">https:\/\/www.ipam.org.br<\/a><\/li>\n     <li><a href=\"https:\/\/somuc.org.br\/\" target=\"_blank\">https:\/\/somuc.org.br\/<\/a><\/li>\n     <li><a href=\"https:\/\/proteja.org\/\" target=\"_blank\">https:\/\/proteja.org\/<\/a><\/li>\n     <li><a href=\"http:\/\/www.somai.org.br\/\" target=\"_blank\">http:\/\/www.somai.org.br\/<\/a><\/li>\n     <li><a href=\"https:\/\/play.google.com\/store\/apps\/details?id=com.alertasomai&amp;hl=pt_BR\" target=\"_blank\">https:\/\/play.google.com\/store\/apps\/details?id=com.alertasomai&amp;hl=pt_BR<\/a><br>(referente ao aplicativo baixado por meio desse link)<\/li>\n     <li><a href=\"http:\/\/indicar.org.br\/\" target=\"_blank\">http:\/\/indicar.org.br\/<\/a><\/li>\n     <li><a href=\"http:\/\/www.carboncal.org.br\/\" target=\"_blank\">http:\/\/www.carboncal.org.br\/<\/a><\/li>\n     <li><a href=\"https:\/\/play.google.com\/store\/apps\/details?id=com.termometrocodigoflorestal&amp;hl=pt_BR\" target=\"_blank\">https:\/\/play.google.com\/store\/apps\/details?id=com.termometrocodigoflorestal&amp;hl=pt_BR<\/a><br>(referente ao aplicativo baixado por meio desse link)<\/li>\n    <\/ul>    \n    <p>\n        O Site e as Plataformas tamb\u00e9m podem incluir esporadicamente links para outros websites. Tais links s\u00e3o publicados para sua conveni\u00eancia com o objetivo de fornecer mais informa\u00e7\u00f5es. N\u00e3o temos nenhuma responsabilidade pelo conte\u00fado destes sites e nosso Termo de Uso e Pol\u00edtica de Privacidade n\u00e3o \u00e9 aplic\u00e1vel a eles, sendo importante que voc\u00ea leia o termo de uso e pol\u00edtica de privacidade desses sites antes de visit\u00e1-los. \n    <\/p>\n    <h6><strong>III \u2013 Conte\u00fado do Site e das Plataformas<\/strong><\/h6>\n    <p>\n    O <strong>IPAM<\/strong> reserva-se o direito de, a qualquer momento, sem aviso pr\u00e9vio, modificar, alterar, acrescentar ou remover o conte\u00fado das p\u00e1ginas do Site e das Plataformas, incluindo textos, imagens e fotografias, sendo que as novas vers\u00f5es passar\u00e3o a vigorar a partir do momento em que forem postadas no Site ou na Plataforma, conforme aplic\u00e1vel.\n    <\/p>\n    <p>\n    O <strong>IPAM<\/strong> n\u00e3o \u00e9 respons\u00e1vel por eventuais falhas, impossibilidade ou incapacidade de acesso aos mesmos em raz\u00e3o de dificuldades ou problemas nos equipamentos utilizados pelo Usu\u00e1rio, tais como configura\u00e7\u00f5es inadequadas, dificuldades de ordem t\u00e9cnica, entre outros. \n    <\/p>\n    <p>\n    Embora o <strong>IPAM<\/strong> empregue seus melhores esfor\u00e7os na seguran\u00e7a de seus sistemas, considerando a vulnerabilidade e o constante avan\u00e7o da tecnologia de invas\u00f5es, N\u00c3O  NOS RESPONSABILIZAMOS POR ATOS DE TERCEIROS QUE LOGREM \u00caXITO EM COLETAR OU UTILIZAR, POR QUAISQUER MEIOS, DADOS CADASTRAIS E INFORMA\u00c7\u00d5ES DISPONIBILIZADAS PELO USU\u00c1RIO NO SEU SITE E PLATAFORMAS.\n    <\/p>\n    <p>\n    Os conte\u00fados disponibilizados no Site e nas Plataformas s\u00e3o coletados a partir da consulta de fontes p\u00fablicas. Desta forma, s\u00e3o de dom\u00ednio p\u00fablico, raz\u00e3o pela qual podem ser livremente reproduzidos e utilizados pelos Usu\u00e1rios, desde que este cite o local do qual retirou os dados, fazendo refer\u00eancia expressa ao <strong>IPAM<\/strong> e \u00e0s fontes oficiais por ele utilizadas. \n    <\/p>\n    <p>\n    Al\u00e9m disso, \u00e9 vedada a transmiss\u00e3o e\/ou divulga\u00e7\u00e3o dos conte\u00fados visando infringir lei ou regulamento municipal, estadual, federal ou internacional aplic\u00e1vel, ou ainda, de forma a induzir, promover ou incentivar a pr\u00e1tica de atos il\u00edcitos ou a dissemina\u00e7\u00e3o de ideias de cunho discriminat\u00f3rio (em raz\u00e3o da defici\u00eancia, sexo, ra\u00e7a, religi\u00e3o, idade ou condi\u00e7\u00e3o social) ou que atentem contra os direitos e as liberdades fundamentais, sob pena de sua responsabiliza\u00e7\u00e3o por eventuais danos, de ordem moral ou material, decorrentes de sua conduta.\n    <\/p>\n    <p>\n    Para promover o bom funcionamento e qualidade dos Servi\u00e7os do Site e das Plataformas, o <strong>IPAM<\/strong> se reserva no direito de, sem a necessidade de notifica\u00e7\u00e3o pr\u00e9via, impedir ou interromper o acesso do Usu\u00e1rio que, segundo o <strong>IPAM<\/strong>, estiver atuando de qualquer forma a violar qualquer disposi\u00e7\u00e3o contida neste Termo de Uso ou na Pol\u00edtica de Privacidade. \n    <\/p>\n    <h6><strong>IV \u2013  Dados coletados<\/strong><\/h6>\n    <p>\n        Nosso Site e nossas Plataformas coletam ativamente dados de seus Usu\u00e1rios nas se\u00e7\u00f5es em que h\u00e1 uma comunica\u00e7\u00e3o direta com o <strong>IPAM<\/strong>. Parte das informa\u00e7\u00f5es fornecidas poder\u00e3o ser dados pessoais, como, por exemplo, seu nome completo, e-mail e telefone.\n    <\/p>\n    <p>\n        Esse tipo de informa\u00e7\u00e3o \u00e9 solicitado quando voc\u00ea:\n    <\/p>\n    <ul>\n        <li>Faz uma doa\u00e7\u00e3o;<\/li>\n        <li>Envia uma solicita\u00e7\u00e3o atrav\u00e9s do campo \u201cFale Conosco\u201d de nosso Site ou de nossas Plataformas;<\/li>\n        <li>Assina a newsletter no campo espec\u00edfico constante em nosso Site; <\/li>\n        <li>Inscreve-se nas vagas divulgadas no campo \u201cTrabalhe Conosco\u201d de nosso Site;<\/li>\n        <li>Cadastra-se em qualquer uma de nossas Plataformas.<\/li>\n    <\/ul>\n    <p>\n        Nenhum desses dados \u00e9 coletado por n\u00f3s sem que voc\u00ea os forne\u00e7a por sua livre e espont\u00e2nea vontade. Contudo, voc\u00ea tem direito a obter do <strong>IPAM<\/strong>, a qualquer momento e mediante requisi\u00e7\u00e3o ao e-mail indicado na introdu\u00e7\u00e3o deste Termo de Uso e Pol\u00edtica de Privacidade, a confirma\u00e7\u00e3o de quais dados referentes a voc\u00ea estamos armazenando, o acesso a esses dados, a corre\u00e7\u00e3o dos dados incompletos, inexatos ou desatualizados e quaisquer outras informa\u00e7\u00f5es relativas a dados pessoais, incluindo a remo\u00e7\u00e3o destes de  nosso banco de dados.\n    <\/p>\n    <p>\n    Al\u00e9m disso, o nosso Site e as nossas Plataformas utilizam cookies por meio da tecnologia do Google Analytics, que \u00e9 capaz de identificar, em s\u00edntese, qual dispositivo acessou o site\/aplicativo, data e hora do acesso, localiza\u00e7\u00e3o geogr\u00e1fica de quem fez o acesso e a forma pela qual ele chegou na p\u00e1gina (atrav\u00e9s de links de outros sites, buscador, AdSense ou diretamente pelo endere\u00e7o). \n    <\/p>\n    <h6><strong>V \u2013 Finalidade de uso dos dados<\/strong><\/h6>\n    <p>\n        A solicita\u00e7\u00e3o de dados pessoais do Usu\u00e1rio pelo <strong>IPAM<\/strong> tem como finalidade principal realizar avalia\u00e7\u00e3o do perfil do Usu\u00e1rio e confirmar a veracidade das informa\u00e7\u00f5es prestadas para oferecer informa\u00e7\u00f5es e servi\u00e7os personalizados ao Usu\u00e1rio, por meio do aprimoramento do nosso canal de comunica\u00e7\u00e3o com ele, o que torna poss\u00edvel a presta\u00e7\u00e3o de servi\u00e7os que atendam \u00e0s suas necessidades, expectativas e prefer\u00eancias. \n        <\/p>\n    <p>\n        Nesse sentido, o Usu\u00e1rio autoriza o Site e as Plataformas a compartilharem os dados e documentos necess\u00e1rio para realizar os servi\u00e7os oferecidos com seus parceiros. Al\u00e9m disso, o Usu\u00e1rio autoriza o Site, as Plataformas e seus parceiros a consultar informa\u00e7\u00f5es adicionais sobre o pr\u00f3prio em fontes e de naturezas diversas e a realizar contatos telef\u00f4nicos com o pr\u00f3prio ou com terceiros por ele indicados.\n    <\/p>\n    <p>\n        O Usu\u00e1rio desde j\u00e1 concorda que o <strong>IPAM<\/strong> poder\u00e1 ceder ou divulgar informa\u00e7\u00f5es pessoais, inclu\u00eddas nos conte\u00fados de seu Site e das Plataformas, se vier a ser intimada, por decis\u00e3o governamental ou judicial.\n    <\/p>\n    <p>\n        Al\u00e9m disso, suas informa\u00e7\u00f5es tamb\u00e9m ser\u00e3o usadas de maneira an\u00f4nima, portanto sem men\u00e7\u00e3o ao seu nome ou qualquer elemento que possibilite a sua identifica\u00e7\u00e3o, para a elabora\u00e7\u00e3o de estat\u00edsticas sobre o seu perfil e de outros internautas que acessam o Site e as Plataformas do <strong>IPAM<\/strong>, permitindo o desenvolvimento de produtos e servi\u00e7os personalizados. \n    <\/p>\n    <p>\n        Em rela\u00e7\u00e3o aos dados coletados via Google Analytics ou pelo uso de cookies, eles ser\u00e3o utilizados para fins espec\u00edficos de an\u00e1lise de tr\u00e1fego do site, otimizando a acessibilidade e permitindo direcionamento de an\u00fancios de acordo com interesses do Usu\u00e1rio e n\u00e3o ser\u00e3o compartilhados com terceiros sem expressa autoriza\u00e7\u00e3o dos titulares.\n    <\/p>\n    <h6><strong>VI \u2013 Quem tem acesso aos seus dados<\/strong><\/h6>\n    <p>\n        Somente colaboradores autorizados do <strong>IPAM<\/strong> e de nossos parceiros tem acesso aos dados pessoais concedidos por voc\u00ea atrav\u00e9s de nosso Site e nossas Plataformas.  Nenhum dado \u00e9 divulgado em nosso Site e nossas Plataformas, a n\u00e3o ser que uma autoriza\u00e7\u00e3o espec\u00edfica para tal seja solicitada por n\u00f3s no momento que voc\u00ea o disponibilizar. \n    <\/p>\n    <p>\n        Jamais disponibilizamos nem vendemos seus dados pessoais a terceiros com finalidades comerciais nem mesmo de marketing sem o seu consentimento pr\u00e9vio e expresso. \n    <\/p>\n    <h6><strong>VII \u2013 Seguran\u00e7a e per\u00edodo de manuten\u00e7\u00e3o dos dados<\/strong><\/h6>\n    <p>\n        Suas informa\u00e7\u00f5es ser\u00e3o armazenadas em um servidor seguro, e sempre que houver necessidade de identifica\u00e7\u00e3o ou fornecimento de informa\u00e7\u00f5es sigilosas, a transmiss\u00e3o de dados entre seu computador e nosso Site ou as nossas Plataforma ser\u00e1 realizada atrav\u00e9s de conex\u00e3o segura.\n        <\/p>\n    <p>\n        Os seus dados pessoais permanecer\u00e3o em nosso banco de dados pelo per\u00edodo necess\u00e1rio para atingir a finalidade para qual foram coletados, o que pode incluir tanto a observ\u00e2ncia de requisitos legais, cont\u00e1beis e institucionais, mas tamb\u00e9m o objetivo quando compartilhou esses dados conosco. \n    <\/p>\n    <p>\n        Destacamos que, quando seus dados forem exclu\u00eddos, n\u00e3o ser\u00e1 mais poss\u00edvel identificar voc\u00ea, mas eventualmente ficaremos com suas informa\u00e7\u00f5es em nosso banco de dados por um per\u00edodo indeterminado de forma anonimizada de maneira irrevers\u00edvel, ou seja, sem que seja poss\u00edvel saber que eles se referem a voc\u00ea. Fazemos isso para atingir as finalidades descritas no item VI desse Termo de Uso e Pol\u00edtica de Privacidade.  \n    <\/p>\n    <p> \n        Quanto aos dados referentes ao Google Analytics, estes ficam armazenados pelo per\u00edodo de 14 (catorze) meses, contados a partir do momento de coleta dos dados. Ap\u00f3s esse prazo, os dados s\u00e3o automaticamente exclu\u00eddos do armazenamento do <strong>IPAM<\/strong>.  \n    <\/p>\n    <h6><strong>VIII \u2013 Usu\u00e1rio e sua responsabilidade <\/strong><\/h6>\n        <p>\n            <u>Dados fornecidos pelo Usu\u00e1rio:<\/u> o Usu\u00e1rio sempre dever\u00e1 prezar pela veracidade e exatid\u00e3o das informa\u00e7\u00f5es por ele disponibilizadas, assim como pela guarda de sua senha de acesso, sabendo que poder\u00e1 responder civil ou criminalmente por informa\u00e7\u00f5es indevidas ou equivocadas. \n            <\/p>\n            <p>\n            <u>Meios para o acesso do Site e Plataformas:<\/u> \u00c9 de inteira responsabilidade do Usu\u00e1rio: (i) providenciar o seu pr\u00f3prio acesso \u00e0 Internet e pagar todas as taxas de servi\u00e7o eventualmente cobradas por terceiros com rela\u00e7\u00e3o a tal acesso; (ii) providenciar seu pr\u00f3prio acesso a um endere\u00e7o para envio de mensagens eletr\u00f4nicas e pagar todas as taxas de servi\u00e7o eventualmente cobradas por terceiros com rela\u00e7\u00e3o a tal acesso; (iii) providenciar todo o equipamento necess\u00e1rio para efetuar sua conex\u00e3o \u00e0 Internet, incluindo, mas n\u00e3o se limitando, a um computador e um modem e (iv) manter o ambiente de seu computador seguro, com uso de ferramentas dispon\u00edveis como antiv\u00edrus e firewall, entre outras, atualizadas, de modo a contribuir na preven\u00e7\u00e3o de riscos eletr\u00f4nicos do lado do Usu\u00e1rio.\n        <\/p>\n        <p>\n            <u>Uso e inclus\u00e3o indevida de conte\u00fado:<\/u> o Usu\u00e1rio \u00e9 respons\u00e1vel pela viola\u00e7\u00e3o do direito de terceiro que o seu uso indevido do material constante no Site e nas Plataformas ocasionar. Isso tamb\u00e9m \u00e9 v\u00e1lido para situa\u00e7\u00f5es nas quais o Usu\u00e1rio fa\u00e7a a adi\u00e7\u00e3o de conte\u00fado nas Plataformas do <strong>IPAM<\/strong>.\n            Ambos os casos o Usu\u00e1rio se responsabiliza pela manuten\u00e7\u00e3o da veracidade das informa\u00e7\u00f5es retiradas do Site e da Plataforma, bem como garante a veracidade daqueles dados por ele inclu\u00eddos nesses ambientes digitais. \n        <\/p>\n        <p>\n            <u>Indeniza\u00e7\u00e3o:<\/u> o Usu\u00e1rio concorda em indenizar o <strong>IPAM<\/strong> caso seus atos gerem preju\u00edzos a organiza\u00e7\u00e3o. \n        <\/p>\n        <p>\n            <u>Propriedade Intelectual:<\/u> os Sites e as Plataformas cont\u00eam material de propriedade intelectual do <strong>IPAM<\/strong> ou para ele licenciado. Este material inclui, mas n\u00e3o est\u00e1 limitado ao design, disposi\u00e7\u00e3o, apar\u00eancia e gr\u00e1ficos. \n        <\/p>\n        <p>\n            O Usu\u00e1rio assume toda e qualquer responsabilidade, de car\u00e1ter civil e\/ou criminal, pela utiliza\u00e7\u00e3o indevida das informa\u00e7\u00f5es, textos, gr\u00e1ficos, marcas, obras, e de todo e qualquer direito de propriedade intelectual ou industrial do Site e das Plataformas.\n        <\/p>\n        <p>\n            A reprodu\u00e7\u00e3o das informa\u00e7\u00f5es para fins comerciais \u00e9 proibida, a n\u00e3o ser que seja acordado com o <strong>IPAM<\/strong> de outra forma. Contudo, a reprodu\u00e7\u00e3o de conte\u00fado para uso pr\u00f3prio ou para fins de realiza\u00e7\u00e3o de estudos e pesquisas \u00e9 permitida, sendo no \u00faltimo caso necess\u00e1rio citar a fonte dos dados utilizados. \n        <\/p>\n        <p>\n            Qualquer utiliza\u00e7\u00e3o n\u00e3o contemplada na presente autoriza\u00e7\u00e3o ser\u00e1 considerada como uma viola\u00e7\u00e3o dos direitos autorais e estar\u00e1 sujeita \u00e0s san\u00e7\u00f5es cab\u00edveis na Lei 9.610\/98 e suas eventuais altera\u00e7\u00f5es.\n        <\/p>\n        <p>\n            Se voc\u00ea entende que o <strong>IPAM<\/strong> est\u00e1, indevidamente, utilizando algum material que entender ser de titular de direitos autorais, pedimos que entre em contato atrav\u00e9s do e-mail <a href=\"mailto:ipam@ipam.org.br\">ipam@ipam.org.br<\/a> indicando a prova da titularidade para que, o mais rapidamente poss\u00edvel, possamos tomar todas as medidas adequadas. \n        <\/p>\n        <h6><strong>IX \u2013 Exclus\u00e3o de Garantias e de Responsabilidade<\/strong><\/h6>\n        <p>\n            O <strong>IPAM<\/strong> n\u00e3o se responsabiliza pelos servi\u00e7os prestados por terceiros ap\u00f3s o Usu\u00e1rio ser direcionado atrav\u00e9s dos links contidos nos sites e plataformas, o qual ocorrer\u00e1 por conta e risco do Usu\u00e1rio, inclusive os sites direcionados ser\u00e3o regidos pelos pr\u00f3prios Termos de Uso e Pol\u00edticas de Privacidade destes sites os quais dever\u00e3o ser lidos pelo Usu\u00e1rio. O Usu\u00e1rio ser\u00e1 o \u00fanico respons\u00e1vel por entender os termos e condi\u00e7\u00f5es de contrata\u00e7\u00e3o dos produtos e servi\u00e7os que ser\u00e3o oferecidos\/contratados a partir das simula\u00e7\u00f5es realizadas no Site ou nas Plataformas, conforme aplic\u00e1vel. \n        <\/p>\n        <p>\n            O <strong>IPAM<\/strong> n\u00e3o poder\u00e1 ser responsabilizado por qualquer perda ou dano que o Usu\u00e1rio possa incorrer nestes acessos. \n        <\/p>\n        <h6><strong>X \u2013 \u00daltima atualiza\u00e7\u00e3o e altera\u00e7\u00f5es do Termo de Uso e da Pol\u00edtica de Privacidade<\/strong><\/h6>\n        <p>\n            A publica\u00e7\u00e3o desse Termo de Uso e Pol\u00edtica de Privacidade com sua \u00faltima atualiza\u00e7\u00e3o ocorreu no dia 23 de setembro de 2020. Caso voc\u00ea fa\u00e7a uso peri\u00f3dico do Site e das Plataformas, recomendamos que voc\u00ea consulte esse Termo de Uso e Pol\u00edtica de Privacidade para verificar eventuais modifica\u00e7\u00f5es feitas pelo <strong>IPAM<\/strong> e analisar se est\u00e1 de acordo com estas. \n        <\/p>\n        <h6><strong>XI \u2013 Disposi\u00e7\u00e3o Gerais<\/strong><\/h6>\n        <p>\n            Se qualquer disposi\u00e7\u00e3o destes Termos de Uso tornar-se nula ou inv\u00e1lida, as demais disposi\u00e7\u00f5es ser\u00e3o mantidas. A op\u00e7\u00e3o do <strong>IPAM<\/strong> em n\u00e3o exercer qualquer direito que lhe seja garantido sob este Termo n\u00e3o constituir\u00e1 ren\u00fancia de direitos, nem proibi\u00e7\u00e3o a que possa exerc\u00ea-lo futuramente.\n        <\/p>\n        <h6><strong>XII \u2013 Legisla\u00e7\u00e3o Aplic\u00e1vel e Foro<\/strong><\/h6>\n        <p>\n            O presente Termo e as rela\u00e7\u00f5es decorrentes da utiliza\u00e7\u00e3o do site e de seus conte\u00fados sujeitam-se \u00e0 legisla\u00e7\u00e3o brasileira em vigor, em especial a Lei Geral de Prote\u00e7\u00e3o de Dados. \n        <\/p>\n        <p>\n            Fica desde logo eleito o Foro da Comarca de Bras\u00edlia, com exclus\u00e3o de qualquer outro, por mais privilegiado que seja, para dirimir quaisquer d\u00favidas e\/ou controv\u00e9rsias oriundas deste documento.\n<\/p>\t\t\t\t\t\t<\/div>\n\t\t\t\t<\/div>\n\t\t\t\t\t<\/div>\n\t\t<\/div>\n\t\t\t\t\t\t\t<\/div>\n\t\t<\/section>\n\t\t\t\t\t\t\t<\/div>","protected":false},"excerpt":{"rendered":"<p>TERMOS DE USO E POL\u00cdTICA DE PRIVACIDADE DO SITE E DAS PLATAFORMAS DO INSTITUTO DE PESQUISA AMBIENTAL DA AMAZ\u00d4NIA (IPAM) Bem-vindo \u00e0 se\u00e7\u00e3o de Termos de Uso e Pol\u00edtica de Privacidade do site e das plataformas administradas pelo INSTITUTO DE PESQUISA AMBIENTAL DA AMAZONIA (IPAM), associa\u00e7\u00e3o privada sem fins lucrativos, com sede em Bel\u00e9m, Par\u00e1, [&hellip;]<\/p>","protected":false},"author":1,"featured_media":0,"parent":0,"menu_order":0,"comment_status":"closed","ping_status":"closed","template":"elementor_header_footer","meta":[],"_links":{"self":[{"href":"https:\/\/conserv.org.br\/en\/wp-json\/wp\/v2\/pages\/3"}],"collection":[{"href":"https:\/\/conserv.org.br\/en\/wp-json\/wp\/v2\/pages"}],"about":[{"href":"https:\/\/conserv.org.br\/en\/wp-json\/wp\/v2\/types\/page"}],"author":[{"embeddable":true,"href":"https:\/\/conserv.org.br\/en\/wp-json\/wp\/v2\/users\/1"}],"replies":[{"embeddable":true,"href":"https:\/\/conserv.org.br\/en\/wp-json\/wp\/v2\/comments?post=3"}],"version-history":[{"count":9,"href":"https:\/\/conserv.org.br\/en\/wp-json\/wp\/v2\/pages\/3\/revisions"}],"predecessor-version":[{"id":223,"href":"https:\/\/conserv.org.br\/en\/wp-json\/wp\/v2\/pages\/3\/revisions\/223"}],"wp:attachment":[{"href":"https:\/\/conserv.org.br\/en\/wp-json\/wp\/v2\/media?parent=3"}],"curies":[{"name":"wp","href":"https:\/\/api.w.org\/{rel}","templated":true}]}}